{"id":126,"date":"2024-07-06T17:20:35","date_gmt":"2024-07-06T17:20:35","guid":{"rendered":"https:\/\/concentradoswym.com\/?page_id=126"},"modified":"2024-11-19T23:05:33","modified_gmt":"2024-11-19T23:05:33","slug":"catalogo-digital","status":"publish","type":"page","link":"https:\/\/concentradoswym.com\/?page_id=126","title":{"rendered":"Cat\u00e1logo Digital"},"content":{"rendered":"<p><iframe class=\"wp-embedded-content\" sandbox=\"allow-scripts\" security=\"restricted\" scrolling=\"no\" src=\"https:\/\/heyzine.com\/flip-book\/d50b3ae33b.html#?secret=q3iyKWM5i2\" data-secret=\"q3iyKWM5i2\"><\/iframe><\/p>\n<h2>Mira nuestro cat\u00e1logo digital ac\u00e1:<br \/>\n<a href=\"https:\/\/heyzine.com\/flip-book\/b67107e176.html\" target=\"_blank\" rel=\"noopener\"><strong>Cat\u00e1logo Digital<\/strong><\/a><\/h2>\n","protected":false},"excerpt":{"rendered":"<p>Mira nuestro cat\u00e1logo digital ac\u00e1: Cat\u00e1logo Digital<\/p>\n","protected":false},"author":2,"featured_media":0,"parent":0,"menu_order":0,"comment_status":"closed","ping_status":"closed","template":"","meta":{"footnotes":""},"class_list":["post-126","page","type-page","status-publish","hentry"],"_links":{"self":[{"href":"https:\/\/concentradoswym.com\/index.php?rest_route=\/wp\/v2\/pages\/126","targetHints":{"allow":["GET"]}}],"collection":[{"href":"https:\/\/concentradoswym.com\/index.php?rest_route=\/wp\/v2\/pages"}],"about":[{"href":"https:\/\/concentradoswym.com\/index.php?rest_route=\/wp\/v2\/types\/page"}],"author":[{"embeddable":true,"href":"https:\/\/concentradoswym.com\/index.php?rest_route=\/wp\/v2\/users\/2"}],"replies":[{"embeddable":true,"href":"https:\/\/concentradoswym.com\/index.php?rest_route=%2Fwp%2Fv2%2Fcomments&post=126"}],"version-history":[{"count":10,"href":"https:\/\/concentradoswym.com\/index.php?rest_route=\/wp\/v2\/pages\/126\/revisions"}],"predecessor-version":[{"id":176,"href":"https:\/\/concentradoswym.com\/index.php?rest_route=\/wp\/v2\/pages\/126\/revisions\/176"}],"wp:attachment":[{"href":"https:\/\/concentradoswym.com\/index.php?rest_route=%2Fwp%2Fv2%2Fmedia&parent=126"}],"curies":[{"name":"wp","href":"https:\/\/api.w.org\/{rel}","templated":true}]}}