{"id":16,"date":"2024-05-07T23:30:40","date_gmt":"2024-05-07T23:30:40","guid":{"rendered":"https:\/\/concentradoswym.com\/?page_id=16"},"modified":"2025-12-13T14:39:19","modified_gmt":"2025-12-13T14:39:19","slug":"contactenos","status":"publish","type":"page","link":"https:\/\/concentradoswym.com\/?page_id=16","title":{"rendered":"Cont\u00e1ctenos"},"content":{"rendered":"<p><img loading=\"lazy\" decoding=\"async\" class=\"alignnone size-full wp-image-22\" src=\"https:\/\/concentradoswym.com\/wp-content\/uploads\/2024\/05\/01.fw_.png\" alt=\"\" width=\"696\" height=\"465\" srcset=\"https:\/\/concentradoswym.com\/wp-content\/uploads\/2024\/05\/01.fw_.png 696w, https:\/\/concentradoswym.com\/wp-content\/uploads\/2024\/05\/01.fw_-300x200.png 300w\" sizes=\"auto, (max-width: 696px) 100vw, 696px\" \/><\/p>\n<p><strong>Oficinas Centrales<\/strong><\/p>\n<p>Direcci\u00f3n: Gu\u00e1piles, Pococ\u00ed, Lim\u00f3n, Costa Rica<br \/>\nE-mail:<strong>\u00a0<a href=\"http:\/\/info@concentradoswym.com\/\">info@concentradoswym.com<\/a><\/strong><br \/>\nRedes Sociales: <strong><a href=\"https:\/\/linktr.ee\/concentradoswym\">https:\/\/linktr.ee\/concentradoswym<\/a><\/strong><br \/>\nCentral Telef\u00f3nica: (506) 2711-3827<br \/>\nWhatsApp: (506) 8664-5196<\/p>\n","protected":false},"excerpt":{"rendered":"<p>Oficinas Centrales Direcci\u00f3n: Gu\u00e1piles, Pococ\u00ed, Lim\u00f3n, Costa Rica E-mail:\u00a0info@concentradoswym.com Redes Sociales: https:\/\/linktr.ee\/concentradoswym Central Telef\u00f3nica: (506) 2711-3827 WhatsApp: (506) 8664-5196<\/p>\n","protected":false},"author":1,"featured_media":0,"parent":0,"menu_order":0,"comment_status":"closed","ping_status":"closed","template":"","meta":{"footnotes":""},"class_list":["post-16","page","type-page","status-publish","hentry"],"_links":{"self":[{"href":"https:\/\/concentradoswym.com\/index.php?rest_route=\/wp\/v2\/pages\/16","targetHints":{"allow":["GET"]}}],"collection":[{"href":"https:\/\/concentradoswym.com\/index.php?rest_route=\/wp\/v2\/pages"}],"about":[{"href":"https:\/\/concentradoswym.com\/index.php?rest_route=\/wp\/v2\/types\/page"}],"author":[{"embeddable":true,"href":"https:\/\/concentradoswym.com\/index.php?rest_route=\/wp\/v2\/users\/1"}],"replies":[{"embeddable":true,"href":"https:\/\/concentradoswym.com\/index.php?rest_route=%2Fwp%2Fv2%2Fcomments&post=16"}],"version-history":[{"count":6,"href":"https:\/\/concentradoswym.com\/index.php?rest_route=\/wp\/v2\/pages\/16\/revisions"}],"predecessor-version":[{"id":180,"href":"https:\/\/concentradoswym.com\/index.php?rest_route=\/wp\/v2\/pages\/16\/revisions\/180"}],"wp:attachment":[{"href":"https:\/\/concentradoswym.com\/index.php?rest_route=%2Fwp%2Fv2%2Fmedia&parent=16"}],"curies":[{"name":"wp","href":"https:\/\/api.w.org\/{rel}","templated":true}]}}