{"id":18,"date":"2024-05-07T23:30:52","date_gmt":"2024-05-07T23:30:52","guid":{"rendered":"https:\/\/concentradoswym.com\/?page_id=18"},"modified":"2024-08-02T21:27:20","modified_gmt":"2024-08-02T21:27:20","slug":"home","status":"publish","type":"page","link":"https:\/\/concentradoswym.com\/","title":{"rendered":"Inicio"},"content":{"rendered":"<h2 style=\"text-align: center;\"><strong>Desde Gu\u00e1piles al resto del pa\u00eds, en Concentrados WyM llevamos 16 a\u00f1os ofreciendo lo mejor en nutrici\u00f3n animal. Somos distribuidores oficiales de marcas l\u00edderes y contamos con nuestras propias l\u00edneas de productos que combinan calidad y econom\u00eda.<\/strong><\/h2>\n<p>Chester<\/p>\n<p><img loading=\"lazy\" decoding=\"async\" class=\"alignnone wp-image-142\" src=\"https:\/\/concentradoswym.com\/wp-content\/uploads\/2024\/08\/chester-900gr-originla-300x300.jpg\" alt=\"\" width=\"160\" height=\"160\" srcset=\"https:\/\/concentradoswym.com\/wp-content\/uploads\/2024\/08\/chester-900gr-originla-300x300.jpg 300w, https:\/\/concentradoswym.com\/wp-content\/uploads\/2024\/08\/chester-900gr-originla-150x150.jpg 150w, https:\/\/concentradoswym.com\/wp-content\/uploads\/2024\/08\/chester-900gr-originla-768x768.jpg 768w, https:\/\/concentradoswym.com\/wp-content\/uploads\/2024\/08\/chester-900gr-originla.jpg 800w\" sizes=\"auto, (max-width: 160px) 100vw, 160px\" \/><\/p>\n<p>Super Face Dog<\/p>\n<p><img loading=\"lazy\" decoding=\"async\" class=\"alignnone wp-image-147\" src=\"https:\/\/concentradoswym.com\/wp-content\/uploads\/2024\/08\/Super-Face-Dog-Adulto-Saco-300x300.jpg\" alt=\"\" width=\"160\" height=\"160\" srcset=\"https:\/\/concentradoswym.com\/wp-content\/uploads\/2024\/08\/Super-Face-Dog-Adulto-Saco-300x300.jpg 300w, https:\/\/concentradoswym.com\/wp-content\/uploads\/2024\/08\/Super-Face-Dog-Adulto-Saco-150x150.jpg 150w, https:\/\/concentradoswym.com\/wp-content\/uploads\/2024\/08\/Super-Face-Dog-Adulto-Saco-768x768.jpg 768w, https:\/\/concentradoswym.com\/wp-content\/uploads\/2024\/08\/Super-Face-Dog-Adulto-Saco.jpg 800w\" sizes=\"auto, (max-width: 160px) 100vw, 160px\" \/><\/p>\n<p>Face Cat<\/p>\n<p><img loading=\"lazy\" decoding=\"async\" class=\"alignnone wp-image-149\" src=\"https:\/\/concentradoswym.com\/wp-content\/uploads\/2024\/08\/face-cat-15-30kg-300x300.jpg\" alt=\"\" width=\"160\" height=\"160\" srcset=\"https:\/\/concentradoswym.com\/wp-content\/uploads\/2024\/08\/face-cat-15-30kg-300x300.jpg 300w, https:\/\/concentradoswym.com\/wp-content\/uploads\/2024\/08\/face-cat-15-30kg-150x150.jpg 150w, https:\/\/concentradoswym.com\/wp-content\/uploads\/2024\/08\/face-cat-15-30kg-768x768.jpg 768w, https:\/\/concentradoswym.com\/wp-content\/uploads\/2024\/08\/face-cat-15-30kg.jpg 800w\" sizes=\"auto, (max-width: 160px) 100vw, 160px\" \/><\/p>\n<p>Face Rabbit<\/p>\n<p><img loading=\"lazy\" decoding=\"async\" class=\"alignnone wp-image-151\" src=\"https:\/\/concentradoswym.com\/wp-content\/uploads\/2024\/08\/Face-Rabbit-Empaque-Original-900gr-300x300.jpg\" alt=\"\" width=\"159\" height=\"159\" srcset=\"https:\/\/concentradoswym.com\/wp-content\/uploads\/2024\/08\/Face-Rabbit-Empaque-Original-900gr-300x300.jpg 300w, https:\/\/concentradoswym.com\/wp-content\/uploads\/2024\/08\/Face-Rabbit-Empaque-Original-900gr-150x150.jpg 150w, https:\/\/concentradoswym.com\/wp-content\/uploads\/2024\/08\/Face-Rabbit-Empaque-Original-900gr-768x768.jpg 768w, https:\/\/concentradoswym.com\/wp-content\/uploads\/2024\/08\/Face-Rabbit-Empaque-Original-900gr.jpg 800w\" sizes=\"auto, (max-width: 159px) 100vw, 159px\" \/><\/p>\n<p>Face Dog Bocaditos<\/p>\n<h2><img loading=\"lazy\" decoding=\"async\" class=\"alignnone wp-image-150\" src=\"https:\/\/concentradoswym.com\/wp-content\/uploads\/2024\/08\/Face-Dog-Bocaditos-Empaque-Original-300x300.jpg\" alt=\"\" width=\"160\" height=\"160\" srcset=\"https:\/\/concentradoswym.com\/wp-content\/uploads\/2024\/08\/Face-Dog-Bocaditos-Empaque-Original-300x300.jpg 300w, https:\/\/concentradoswym.com\/wp-content\/uploads\/2024\/08\/Face-Dog-Bocaditos-Empaque-Original-150x150.jpg 150w, https:\/\/concentradoswym.com\/wp-content\/uploads\/2024\/08\/Face-Dog-Bocaditos-Empaque-Original-768x768.jpg 768w, https:\/\/concentradoswym.com\/wp-content\/uploads\/2024\/08\/Face-Dog-Bocaditos-Empaque-Original.jpg 800w\" sizes=\"auto, (max-width: 160px) 100vw, 160px\" \/><\/h2>\n<h2>https:\/\/linktr.ee\/concentradoswym<\/h2>\n<p>&nbsp;<\/p>\n<p>&nbsp;<\/p>\n","protected":false},"excerpt":{"rendered":"<p>Desde Gu\u00e1piles al resto del pa\u00eds, en Concentrados WyM llevamos 16 a\u00f1os ofreciendo lo mejor en nutrici\u00f3n animal. Somos distribuidores oficiales de marcas l\u00edderes y contamos con nuestras propias l\u00edneas de productos que combinan calidad y econom\u00eda. Chester Super Face Dog Face Cat Face Rabbit Face Dog Bocaditos https:\/\/linktr.ee\/concentradoswym &nbsp; &nbsp;<\/p>\n","protected":false},"author":1,"featured_media":0,"parent":0,"menu_order":0,"comment_status":"closed","ping_status":"closed","template":"template-homepage.php","meta":{"footnotes":""},"class_list":["post-18","page","type-page","status-publish","hentry"],"_links":{"self":[{"href":"https:\/\/concentradoswym.com\/index.php?rest_route=\/wp\/v2\/pages\/18","targetHints":{"allow":["GET"]}}],"collection":[{"href":"https:\/\/concentradoswym.com\/index.php?rest_route=\/wp\/v2\/pages"}],"about":[{"href":"https:\/\/concentradoswym.com\/index.php?rest_route=\/wp\/v2\/types\/page"}],"author":[{"embeddable":true,"href":"https:\/\/concentradoswym.com\/index.php?rest_route=\/wp\/v2\/users\/1"}],"replies":[{"embeddable":true,"href":"https:\/\/concentradoswym.com\/index.php?rest_route=%2Fwp%2Fv2%2Fcomments&post=18"}],"version-history":[{"count":1,"href":"https:\/\/concentradoswym.com\/index.php?rest_route=\/wp\/v2\/pages\/18\/revisions"}],"predecessor-version":[{"id":152,"href":"https:\/\/concentradoswym.com\/index.php?rest_route=\/wp\/v2\/pages\/18\/revisions\/152"}],"wp:attachment":[{"href":"https:\/\/concentradoswym.com\/index.php?rest_route=%2Fwp%2Fv2%2Fmedia&parent=18"}],"curies":[{"name":"wp","href":"https:\/\/api.w.org\/{rel}","templated":true}]}}